{"id":53,"date":"2014-09-09T21:15:50","date_gmt":"2014-09-09T19:15:50","guid":{"rendered":"http:\/\/energie-therapie-ostfriesland.de\/?page_id=53"},"modified":"2014-09-25T18:34:42","modified_gmt":"2014-09-25T16:34:42","slug":"reiki-sitzung","status":"publish","type":"page","link":"https:\/\/energie-therapie-ostfriesland.de\/?page_id=53","title":{"rendered":"Reiki Sitzung"},"content":{"rendered":"<h2><span style=\"color: #800080;\"><strong>Wie wird die Reiki Energie \u00dcbertragen?<\/strong><\/span><\/h2>\n<div><span style=\"color: #800080;\">\u00a0<\/span><\/div>\n<div><span style=\"color: #800080;\">W\u00e4hrend der Reiki-Sitzung liegen Sie bekleidet auf einer Liege.<\/span><\/div>\n<div><span style=\"color: #800080;\">Durch bestimmte Handpositionen auf dem K\u00f6rper \u00fcbertrage ich<\/span><\/div>\n<div><span style=\"color: #800080;\">die Reiki-Energie an Sie weiter.<\/span><\/div>\n<div><span style=\"color: #800080;\">Ihr K\u00f6rper nimmt dort Energie auf, wo sie f\u00fcr sie wichtig ist. \u00a0 \u00a0 \u00a0 \u00a0 \u00a0 \u00a0 \u00a0 \u00a0 \u00a0 \u00a0 \u00a0 \u00a0 \u00a0 \u00a0 \u00a0 \u00a0 \u00a0 \u00a0 \u00a0 \u00a0 \u00a0 \u00a0 \u00a0 \u00a0 \u00a0 \u00a0 \u00a0 \u00a0 \u00a0 \u00a0 \u00a0 \u00a0Die meisten Menschen empfinden bei der Reiki-Sitzung eine wohltuende W\u00e4rme und eine angenehme Entspannung.<\/span><\/div>\n<div>\n<p><span style=\"color: #800080;\">Eine Reiki-Sitzung dauert ca. 60 min. incl. Besprechung.\u00a0 \u00a0 \u00a0 \u00a0 \u00a0 \u00a0 \u00a0 \u00a0 \u00a0\u00a0\u00a0\u00a0\u00a0\u00a0\u00a0\u00a0\u00a0\u00a0\u00a0\u00a0\u00a0\u00a0\u00a0\u00a0\u00a0\u00a0\u00a0\u00a0\u00a0\u00a0\u00a0\u00a0\u00a0\u00a0\u00a0\u00a0\u00a0\u00a0\u00a0\u00a0\u00a0\u00a0\u00a0\u00a0\u00a0\u00a0\u00a0\u00a0\u00a0\u00a0\u00a0\u00a0\u00a0\u00a0\u00a0\u00a0\u00a0\u00a0\u00a0\u00a0\u00a0\u00a0\u00a0\u00a0 Bequeme Kleidung ist empfehlenswert.<\/span><\/p>\n<\/div>\n<div><span style=\"color: #800080;\">\u00a0\u00a0\u00a0\u00a0\u00a0\u00a0\u00a0\u00a0\u00a0\u00a0\u00a0\u00a0\u00a0\u00a0\u00a0\u00a0\u00a0\u00a0\u00a0\u00a0\u00a0\u00a0\u00a0\u00a0\u00a0\u00a0\u00a0\u00a0\u00a0\u00a0\u00a0\u00a0\u00a0\u00a0\u00a0\u00a0\u00a0\u00a0\u00a0\u00a0\u00a0\u00a0\u00a0\u00a0\u00a0\u00a0\u00a0\u00a0\u00a0\u00a0\u00a0\u00a0\u00a0\u00a0\u00a0\u00a0\u00a0\u00a0\u00a0\u00a0\u00a0\u00a0\u00a0\u00a0\u00a0\u00a0\u00a0\u00a0\u00a0\u00a0\u00a0\u00a0\u00a0 <a style=\"color: #800080;\" href=\"http:\/\/energie-therapie-ostfriesland.de\/wp-content\/uploads\/2014\/09\/engel.gif\"><img loading=\"lazy\" class=\"alignnone size-medium wp-image-13\" src=\"http:\/\/energie-therapie-ostfriesland.de\/wp-content\/uploads\/2014\/09\/engel-300x225.gif\" alt=\"engel\" width=\"300\" height=\"225\" \/><\/a><\/span><\/div>\n<div><span style=\"color: #800080;\">\u00a0<\/span><\/div>\n<div><span style=\"color: #800080;\">\u00a0<\/span><\/div>\n<div><span style=\"color: #800080;\">\u00a0<\/span><\/div>\n<h2><span style=\"color: #800080;\"><strong>Geistige Lebensregeln<\/strong><\/span><\/h2>\n<div><span style=\"color: #800080;\">\u00a0<\/span><\/div>\n<div><span style=\"color: #800080;\">Gerade heute sei frei und Gl\u00fccklich.<\/span><\/div>\n<div><span style=\"color: #800080;\">\u00a0<\/span><\/div>\n<div><span style=\"color: #800080;\">Gerade heute freue dich.<\/span><\/div>\n<div><span style=\"color: #800080;\">\u00a0<\/span><\/div>\n<div><span style=\"color: #800080;\">Gerade heute ist f\u00fcr dich gesorgt.<\/span><\/div>\n<div><span style=\"color: #800080;\">\u00a0<\/span><\/div>\n<div><span style=\"color: #800080;\">Lebe bewusst im jetzt.<\/span><\/div>\n<div><span style=\"color: #800080;\">\u00a0<\/span><\/div>\n<div><span style=\"color: #800080;\">Nimm deine Segnungen dankbar an.<\/span><\/div>\n<div><span style=\"color: #800080;\">\u00a0<\/span><\/div>\n<div><span style=\"color: #800080;\">Ehre deine Eltern, Lehrer und die \u00c4lteren.<\/span><\/div>\n<div><span style=\"color: #800080;\">\u00a0<\/span><\/div>\n<div><span style=\"color: #800080;\">Verdiene dein Brot ehrlich.<\/span><\/div>\n<div><span style=\"color: #800080;\">\u00a0<\/span><\/div>\n<div><span style=\"color: #800080;\">Liebe deinen N\u00e4chten wie dich selbst.<\/span><\/div>\n<div><span style=\"color: #800080;\">\u00a0<\/span><\/div>\n<div><span style=\"color: #800080;\">Sei dankbar f\u00fcr alles und liebevoll zu allen Lebewesen.<a style=\"color: #800080;\" href=\"http:\/\/energie-therapie-ostfriesland.de\/wp-content\/uploads\/2014\/09\/4855573_0c08144eb8_m.jpeg\">\u00a0\u00a0<\/a><a style=\"color: #800080;\" href=\"http:\/\/energie-therapie-ostfriesland.de\/wp-content\/uploads\/2014\/09\/4855573_0c08144eb8_m.jpeg\">\u00a0\u00a0\u00a0\u00a0\u00a0\u00a0<\/a><a style=\"color: #800080;\" href=\"http:\/\/energie-therapie-ostfriesland.de\/wp-content\/uploads\/2014\/09\/4855573_0c08144eb8_m.jpeg\">\u00a0<\/a><\/span><\/div>\n<p><span style=\"color: #800080;\"><a style=\"color: #800080;\" href=\"http:\/\/energie-therapie-ostfriesland.de\/wp-content\/uploads\/2014\/09\/4855573_0c08144eb8_m.jpeg\">\u00a0\u00a0\u00a0\u00a0<\/a><a style=\"color: #800080;\" href=\"http:\/\/energie-therapie-ostfriesland.de\/wp-content\/uploads\/2014\/09\/4855573_0c08144eb8_m.jpeg\">\u00a0\u00a0\u00a0\u00a0\u00a0\u00a0\u00a0\u00a0\u00a0 \u00a0 \u00a0 \u00a0\u00a0\u00a0\u00a0 <\/a><a style=\"color: #800080;\" href=\"http:\/\/energie-therapie-ostfriesland.de\/wp-content\/uploads\/2014\/09\/4855573_0c08144eb8_m.jpeg\">\u00a0 \u00a0 \u00a0 \u00a0 \u00a0 \u00a0 \u00a0 \u00a0 \u00a0 \u00a0 \u00a0 \u00a0 \u00a0 \u00a0 \u00a0 \u00a0 \u00a0 \u00a0 \u00a0 \u00a0 \u00a0 \u00a0 \u00a0\u00a0 \u00a0 \u00a0 \u00a0 \u00a0 \u00a0 \u00a0 \u00a0 \u00a0 \u00a0 \u00a0 \u00a0 \u00a0 \u00a0 \u00a0 \u00a0 \u00a0 \u00a0 \u00a0 \u00a0 \u00a0<\/a><a style=\"color: #800080;\" href=\"http:\/\/energie-therapie-ostfriesland.de\/wp-content\/uploads\/2014\/09\/4855573_0c08144eb8_m.jpeg\"> \u00a0\u00a0 <\/a><a style=\"color: #800080;\" href=\"http:\/\/energie-therapie-ostfriesland.de\/wp-content\/uploads\/2014\/09\/4855573_0c08144eb8_m.jpeg\"><br \/>\n<\/a><a style=\"color: #800080;\" href=\"http:\/\/energie-therapie-ostfriesland.de\/wp-content\/uploads\/2014\/09\/4855573_0c08144eb8_m.jpeg\">\u00a0<\/a>\u00a0\u00a0\u00a0\u00a0\u00a0\u00a0\u00a0\u00a0\u00a0\u00a0\u00a0\u00a0\u00a0\u00a0\u00a0\u00a0\u00a0\u00a0\u00a0\u00a0\u00a0\u00a0\u00a0\u00a0\u00a0\u00a0\u00a0\u00a0\u00a0\u00a0\u00a0\u00a0\u00a0\u00a0\u00a0\u00a0\u00a0\u00a0\u00a0\u00a0\u00a0\u00a0\u00a0\u00a0\u00a0\u00a0\u00a0\u00a0\u00a0\u00a0\u00a0\u00a0\u00a0\u00a0\u00a0\u00a0\u00a0\u00a0\u00a0\u00a0\u00a0\u00a0\u00a0\u00a0\u00a0\u00a0\u00a0\u00a0\u00a0\u00a0\u00a0\u00a0\u00a0\u00a0\u00a0\u00a0\u00a0\u00a0\u00a0\u00a0\u00a0\u00a0 <a style=\"color: #800080;\" href=\"http:\/\/energie-therapie-ostfriesland.de\/wp-content\/uploads\/2014\/09\/4855573_0c08144eb8_m.jpeg\"><img loading=\"lazy\" class=\"alignnone size-medium wp-image-9\" src=\"http:\/\/energie-therapie-ostfriesland.de\/wp-content\/uploads\/2014\/09\/4855573_0c08144eb8_m-300x214.jpeg\" alt=\"4855573_0c08144eb8_m\" width=\"300\" height=\"214\" srcset=\"https:\/\/energie-therapie-ostfriesland.de\/wp-content\/uploads\/2014\/09\/4855573_0c08144eb8_m-300x214.jpeg 300w, https:\/\/energie-therapie-ostfriesland.de\/wp-content\/uploads\/2014\/09\/4855573_0c08144eb8_m.jpeg 450w\" sizes=\"(max-width: 300px) 100vw, 300px\" \/><\/a><\/span><\/p>\n","protected":false},"excerpt":{"rendered":"<p>Wie wird die Reiki Energie \u00dcbertragen? \u00a0 W\u00e4hrend der Reiki-Sitzung liegen Sie bekleidet auf einer Liege. Durch bestimmte Handpositionen auf dem K\u00f6rper \u00fcbertrage ich die Reiki-Energie an Sie weiter. Ihr K\u00f6rper nimmt dort Energie auf, wo sie f\u00fcr sie wichtig ist. \u00a0 \u00a0 \u00a0 \u00a0 \u00a0 \u00a0 \u00a0 \u00a0 \u00a0 \u00a0 \u00a0 \u00a0 \u00a0 \u00a0 &hellip; <a href=\"https:\/\/energie-therapie-ostfriesland.de\/?page_id=53\" class=\"more-link\"><span class=\"screen-reader-text\">Reiki Sitzung<\/span> weiterlesen <span class=\"meta-nav\">&rarr;<\/span><\/a><\/p>\n","protected":false},"author":1,"featured_media":0,"parent":0,"menu_order":0,"comment_status":"closed","ping_status":"open","template":"","meta":{"ngg_post_thumbnail":0},"_links":{"self":[{"href":"https:\/\/energie-therapie-ostfriesland.de\/index.php?rest_route=\/wp\/v2\/pages\/53"}],"collection":[{"href":"https:\/\/energie-therapie-ostfriesland.de\/index.php?rest_route=\/wp\/v2\/pages"}],"about":[{"href":"https:\/\/energie-therapie-ostfriesland.de\/index.php?rest_route=\/wp\/v2\/types\/page"}],"author":[{"embeddable":true,"href":"https:\/\/energie-therapie-ostfriesland.de\/index.php?rest_route=\/wp\/v2\/users\/1"}],"replies":[{"embeddable":true,"href":"https:\/\/energie-therapie-ostfriesland.de\/index.php?rest_route=%2Fwp%2Fv2%2Fcomments&post=53"}],"version-history":[{"count":8,"href":"https:\/\/energie-therapie-ostfriesland.de\/index.php?rest_route=\/wp\/v2\/pages\/53\/revisions"}],"predecessor-version":[{"id":353,"href":"https:\/\/energie-therapie-ostfriesland.de\/index.php?rest_route=\/wp\/v2\/pages\/53\/revisions\/353"}],"wp:attachment":[{"href":"https:\/\/energie-therapie-ostfriesland.de\/index.php?rest_route=%2Fwp%2Fv2%2Fmedia&parent=53"}],"curies":[{"name":"wp","href":"https:\/\/api.w.org\/{rel}","templated":true}]}}