{"id":17,"date":"2014-09-09T16:25:33","date_gmt":"2014-09-09T16:25:33","guid":{"rendered":"http:\/\/energie-therapie-ostfriesland.de\/?page_id=17"},"modified":"2014-09-14T10:41:43","modified_gmt":"2014-09-14T08:41:43","slug":"home","status":"publish","type":"page","link":"https:\/\/energie-therapie-ostfriesland.de\/?page_id=17","title":{"rendered":"Reiki"},"content":{"rendered":"<h6><a href=\"http:\/\/energie-therapie-ostfriesland.de\/wp-content\/uploads\/2014\/09\/Usui.jpg\"><img loading=\"lazy\" class=\"alignnone size-full wp-image-31\" src=\"http:\/\/energie-therapie-ostfriesland.de\/wp-content\/uploads\/2014\/09\/Usui.jpg\" alt=\"Usui\" width=\"139\" height=\"160\" \/><\/a><\/h6>\n<h6><span style=\"color: #800080;\"><em>Das ist Dr. Mikao Usui<\/em><\/span><br \/>\n<span style=\"color: #800080;\"><em> Reiki ist der japanische Name f\u00fcr universelle Lebensenergie.<\/em><\/span><\/h6>\n<h6><span style=\"color: #800080;\"><em>Zugleich ist es eine Methode, diese Universale Lebensenergie durch die H\u00e4nde flie\u00dfen zu lassen. Reiki aktiviert die Eigene Selbstheilungskr\u00e4fte und die, des anderen Menschen die sich den Reiki- Fluss hingeben.<\/em><\/span><\/h6>\n<h6><span style=\"color: #800080;\"><em><a style=\"color: #800080;\" href=\"http:\/\/energie-therapie-ostfriesland.de\/wp-content\/uploads\/2014\/09\/images8.jpg\">\u00a0<\/a>\u00a0\u00a0\u00a0\u00a0\u00a0\u00a0\u00a0\u00a0\u00a0\u00a0\u00a0\u00a0\u00a0\u00a0\u00a0\u00a0\u00a0\u00a0\u00a0\u00a0\u00a0\u00a0\u00a0\u00a0\u00a0\u00a0\u00a0\u00a0\u00a0\u00a0\u00a0\u00a0\u00a0\u00a0\u00a0\u00a0\u00a0\u00a0\u00a0\u00a0\u00a0 \u00a0 \u00a0 \u00a0 \u00a0 \u00a0 \u00a0 \u00a0 \u00a0 \u00a0\u00a0\u00a0 <a style=\"color: #800080;\" href=\"http:\/\/energie-therapie-ostfriesland.de\/wp-content\/uploads\/2014\/09\/images8.jpg\"><img loading=\"lazy\" class=\"alignnone size-full wp-image-126\" src=\"http:\/\/energie-therapie-ostfriesland.de\/wp-content\/uploads\/2014\/09\/images8.jpg\" alt=\"images8\" width=\"240\" height=\"180\" \/><\/a><\/em><\/span><\/h6>\n<h6><span style=\"color: #800080;\"><em>Die universelle Lebensenergie wirkt sowohl auf den physischen K\u00f6rper, als auch auf der emotionalen, der mentalen Ebene und auf der spirituellen Ebene. F\u00fcr den Praktizierenden, besteht kein eigenen Energie verbrauch, er ist nur Kanal. Reiki wirkt wohltuend f\u00fcr Menschen, Tiere und Pflanzen.<\/em><\/span><\/h6>\n<h6><span style=\"color: #800080;\"><em>Wer einmal Reiki erlernt hat, kann immer wieder die Universale Energie, durch seine H\u00e4nde flie\u00dfen lassen. Jeder kann Reiki erlernen. Reiki wurde Anfang des vorigen Jahrhunderts vom Dr. Mikao Usui wiederentdeckt und hat sich seitdem \u00fcber die ganze Erde verbreitet. Anfang der 1980er Jahre kam es zu uns nach Europa.<\/em><\/span><\/h6>\n<h6><span style=\"color: #800080;\"><em>Reiki kann man als Selbstheilung \u00fcberall anwenden, bei der Arbeit, in \u00d6ffentlichen Verkehrsmitteln, im Caf\u00e9, Restaurant einfach \u00fcberall. Man legt einfach leicht die H\u00e4nde auf dem Bauch oder da wo`s sonst zwickt. Wer Reiki lebt, kommt nicht mehr davon los, weil er Reiki mit in den Altag nimmt.<\/em><\/span><\/h6>\n<p>&nbsp;<\/p>\n<p><a href=\"http:\/\/energie-therapie-ostfriesland.de\/wp-content\/uploads\/2014\/09\/liebe.jpg\">\u00a0<\/a><a href=\"http:\/\/energie-therapie-ostfriesland.de\/wp-content\/uploads\/2014\/09\/liebe.jpg\">\u00a0\u00a0<\/a><a href=\"http:\/\/energie-therapie-ostfriesland.de\/wp-content\/uploads\/2014\/09\/liebe.jpg\"> \u00a0 \u00a0 \u00a0 \u00a0 \u00a0 \u00a0\u00a0\u00a0\u00a0\u00a0\u00a0\u00a0\u00a0\u00a0\u00a0\u00a0\u00a0\u00a0\u00a0\u00a0\u00a0\u00a0\u00a0\u00a0\u00a0\u00a0\u00a0\u00a0\u00a0\u00a0\u00a0\u00a0\u00a0\u00a0\u00a0\u00a0\u00a0\u00a0\u00a0\u00a0\u00a0\u00a0\u00a0\u00a0\u00a0\u00a0\u00a0\u00a0\u00a0\u00a0\u00a0\u00a0\u00a0\u00a0\u00a0\u00a0\u00a0\u00a0\u00a0\u00a0\u00a0\u00a0\u00a0\u00a0\u00a0\u00a0\u00a0\u00a0\u00a0\u00a0\u00a0\u00a0\u00a0\u00a0\u00a0\u00a0\u00a0\u00a0\u00a0\u00a0 <\/a><a href=\"http:\/\/energie-therapie-ostfriesland.de\/wp-content\/uploads\/2014\/09\/liebe.jpg\"><img loading=\"lazy\" class=\"alignnone size-full wp-image-129\" src=\"http:\/\/energie-therapie-ostfriesland.de\/wp-content\/uploads\/2014\/09\/liebe.jpg\" alt=\"liebe\" width=\"287\" height=\"176\" \/><\/a><\/p>\n","protected":false},"excerpt":{"rendered":"<p>Das ist Dr. Mikao Usui Reiki ist der japanische Name f\u00fcr universelle Lebensenergie. Zugleich ist es eine Methode, diese Universale Lebensenergie durch die H\u00e4nde flie\u00dfen zu lassen. Reiki aktiviert die Eigene Selbstheilungskr\u00e4fte und die, des anderen Menschen die sich den Reiki- Fluss hingeben. \u00a0\u00a0\u00a0\u00a0\u00a0\u00a0\u00a0\u00a0\u00a0\u00a0\u00a0\u00a0\u00a0\u00a0\u00a0\u00a0\u00a0\u00a0\u00a0\u00a0\u00a0\u00a0\u00a0\u00a0\u00a0\u00a0\u00a0\u00a0\u00a0\u00a0\u00a0\u00a0\u00a0\u00a0\u00a0\u00a0\u00a0\u00a0\u00a0\u00a0\u00a0\u00a0 \u00a0 \u00a0 \u00a0 \u00a0 \u00a0 \u00a0 \u00a0 \u00a0 \u00a0\u00a0\u00a0 Die universelle &hellip; <a href=\"https:\/\/energie-therapie-ostfriesland.de\/?page_id=17\" class=\"more-link\"><span class=\"screen-reader-text\">Reiki<\/span> weiterlesen <span class=\"meta-nav\">&rarr;<\/span><\/a><\/p>\n","protected":false},"author":1,"featured_media":0,"parent":0,"menu_order":0,"comment_status":"closed","ping_status":"open","template":"","meta":{"ngg_post_thumbnail":0},"_links":{"self":[{"href":"https:\/\/energie-therapie-ostfriesland.de\/index.php?rest_route=\/wp\/v2\/pages\/17"}],"collection":[{"href":"https:\/\/energie-therapie-ostfriesland.de\/index.php?rest_route=\/wp\/v2\/pages"}],"about":[{"href":"https:\/\/energie-therapie-ostfriesland.de\/index.php?rest_route=\/wp\/v2\/types\/page"}],"author":[{"embeddable":true,"href":"https:\/\/energie-therapie-ostfriesland.de\/index.php?rest_route=\/wp\/v2\/users\/1"}],"replies":[{"embeddable":true,"href":"https:\/\/energie-therapie-ostfriesland.de\/index.php?rest_route=%2Fwp%2Fv2%2Fcomments&post=17"}],"version-history":[{"count":15,"href":"https:\/\/energie-therapie-ostfriesland.de\/index.php?rest_route=\/wp\/v2\/pages\/17\/revisions"}],"predecessor-version":[{"id":127,"href":"https:\/\/energie-therapie-ostfriesland.de\/index.php?rest_route=\/wp\/v2\/pages\/17\/revisions\/127"}],"wp:attachment":[{"href":"https:\/\/energie-therapie-ostfriesland.de\/index.php?rest_route=%2Fwp%2Fv2%2Fmedia&parent=17"}],"curies":[{"name":"wp","href":"https:\/\/api.w.org\/{rel}","templated":true}]}}